{"id":45,"date":"2017-07-13T19:55:05","date_gmt":"2017-07-13T19:55:05","guid":{"rendered":"http:\/\/pibseattle.org\/?page_id=45"},"modified":"2024-11-18T05:21:45","modified_gmt":"2024-11-18T05:21:45","slug":"sobre-nosotros","status":"publish","type":"page","link":"https:\/\/pibseattle.com\/index.php\/sobre-nosotros\/","title":{"rendered":"Sobre Nosotros"},"content":{"rendered":"<div class=\"wpb-content-wrapper\"><p>[vc_row][vc_column width=\u00bb2\/3&#8243;][vc_text_separator title=\u00bbNuestra Iglesia\u00bb title_align=\u00bbseparator_align_left\u00bb color=\u00bbcustom\u00bb border_width=\u00bb2&#8243; accent_color=\u00bb#002e5d\u00bb][vc_column_text]<\/p>\n<h2>Somos un grupo de creyentes en Jesus, una iglesia que ama a Dios y a su gente.<\/h2>\n<p>Nos reunimos en el \u00e1rea de Seattle Washington y sus alrededores. Nos congregamos regularmente para dar adoraci\u00f3n a Jesucristo, damos ense\u00f1anza y discipulado, Tenemos comuni\u00f3n unos con otros y sobre todo proclamamos el mensaje de salvaci\u00f3n. La Primera Iglesia Bautista de Seattle es pastoreada por el Pastor David Cabriales.[\/vc_column_text][\/vc_column][vc_column width=\u00bb1\/3&#8243;][vc_single_image image=\u00bb91&#8243; img_size=\u00bbfull\u00bb alignment=\u00bbcenter\u00bb css=\u00bb\u00bb][\/vc_column][\/vc_row][vc_row][vc_column width=\u00bb1\/3&#8243;][vc_empty_space height=\u00bb30px\u00bb][vc_single_image image=\u00bb90&#8243; img_size=\u00bbfull\u00bb alignment=\u00bbcenter\u00bb css=\u00bb\u00bb][\/vc_column][vc_column width=\u00bb2\/3&#8243;][vc_text_separator title=\u00bbSemblanza del Pastor David Cabriales\u00bb title_align=\u00bbseparator_align_right\u00bb color=\u00bbcustom\u00bb border_width=\u00bb2&#8243; accent_color=\u00bb#002e5d\u00bb][vc_column_text]El pastor Cabriales recibi\u00f3 el llamamiento del Se\u00f1or desde la temprana edad de 16 a\u00f1os. Posteriormente se prepar\u00f3 en el seminario teol\u00f3gico de M\u00e9xico graduandose en el a\u00f1o 1984.<\/p>\n<ul>\n<li>Fue Pastor de misiones en la Primera Iglesia Bautista de Matamoros.<\/li>\n<li>El Pastor Cabriales estableci\u00f3 la Iglesia Bautista Cristo Viene en Matamoros Tamulipas incluyendo una misi\u00f3n.<\/li>\n<li>Tambien fu\u00e9 maestro y director del Instituto Teol\u00f3gico Bautista, el cual actualmente es Seminario.<\/li>\n<li>Posteriormente fue pastor de la Primera Iglesia Bautista en Roma Texas.<\/li>\n<li>Pastor Cabriales trabaj\u00f3 con la Asociacion Pulaski en Arkansas como iniciador de iglesias y estratega, iniciando la Primera Iglesia Bautista de North Little Rock.<\/li>\n<li>Desde Diciembre del 2005 es pastor de la Primera Iglesia Bautista en Seattle Washington.<\/li>\n<\/ul>\n<p>[\/vc_column_text][\/vc_column][\/vc_row][vc_row][vc_column width=\u00bb1\/2&#8243;][vc_text_separator title=\u00bbDirectiva\u00bb title_align=\u00bbseparator_align_left\u00bb color=\u00bbcustom\u00bb border_width=\u00bb2&#8243; css=\u00bb\u00bb accent_color=\u00bb#002e5d\u00bb][vc_column_text]<strong>Pastor:<\/strong> David Cabriales<\/p>\n<p><strong>Pastor Asociado y Administrador:<\/strong> Felipe Sandoval<\/p>\n<p><strong>Secretaria de la iglesia:<\/strong> Vasty C[\/vc_column_text][\/vc_column][vc_column width=\u00bb1\/2&#8243;][\/vc_column][\/vc_row]<\/p>\n<\/div>","protected":false},"excerpt":{"rendered":"<p>[vc_row][vc_column width=\u00bb2\/3&#8243;][vc_text_separator title=\u00bbNuestra Iglesia\u00bb title_align=\u00bbseparator_align_left\u00bb color=\u00bbcustom\u00bb border_width=\u00bb2&#8243; accent_color=\u00bb#002e5d\u00bb][vc_column_text] Somos un grupo de creyentes en Jesus, una iglesia que ama a Dios y a su gente. Nos reunimos en el \u00e1rea de Seattle Washington y sus alrededores. Nos congregamos regularmente para dar adoraci\u00f3n a Jesucristo, damos ense\u00f1anza y discipulado, Tenemos comuni\u00f3n unos con otros y sobre&hellip;<\/p>\n","protected":false},"author":1,"featured_media":0,"parent":0,"menu_order":0,"comment_status":"closed","ping_status":"closed","template":"","meta":{"footnotes":""},"class_list":["post-45","page","type-page","status-publish","hentry","description-off"],"_links":{"self":[{"href":"https:\/\/pibseattle.com\/index.php\/wp-json\/wp\/v2\/pages\/45","targetHints":{"allow":["GET"]}}],"collection":[{"href":"https:\/\/pibseattle.com\/index.php\/wp-json\/wp\/v2\/pages"}],"about":[{"href":"https:\/\/pibseattle.com\/index.php\/wp-json\/wp\/v2\/types\/page"}],"author":[{"embeddable":true,"href":"https:\/\/pibseattle.com\/index.php\/wp-json\/wp\/v2\/users\/1"}],"replies":[{"embeddable":true,"href":"https:\/\/pibseattle.com\/index.php\/wp-json\/wp\/v2\/comments?post=45"}],"version-history":[{"count":3,"href":"https:\/\/pibseattle.com\/index.php\/wp-json\/wp\/v2\/pages\/45\/revisions"}],"predecessor-version":[{"id":125,"href":"https:\/\/pibseattle.com\/index.php\/wp-json\/wp\/v2\/pages\/45\/revisions\/125"}],"wp:attachment":[{"href":"https:\/\/pibseattle.com\/index.php\/wp-json\/wp\/v2\/media?parent=45"}],"curies":[{"name":"wp","href":"https:\/\/api.w.org\/{rel}","templated":true}]}}