{"id":67,"date":"2017-07-19T17:14:37","date_gmt":"2017-07-19T17:14:37","guid":{"rendered":"http:\/\/pibseattle.org\/?page_id=67"},"modified":"2024-11-13T04:02:25","modified_gmt":"2024-11-13T04:02:25","slug":"mision-y-vision","status":"publish","type":"page","link":"https:\/\/pibseattle.com\/index.php\/mision-y-vision\/","title":{"rendered":"Misi\u00f3n y Visi\u00f3n"},"content":{"rendered":"<div class=\"wpb-content-wrapper\"><p>[vc_row][vc_column][vc_text_separator title=\u00bbMisi\u00f3n\u00bb color=\u00bbcustom\u00bb border_width=\u00bb2&#8243; accent_color=\u00bb#002e5d\u00bb][vc_column_text]Que todas las personas, y todas las familias de los pueblos, en todas las casas, oigan, confiesen o conozcan que Jesus es el Se\u00f1or. 1 Cron.16:28, Dt. 31:12, Fil.2:11[\/vc_column_text][\/vc_column][\/vc_row][vc_row][vc_column width=\u00bb1\/2&#8243;][vc_text_separator title=\u00bbValores\u00bb title_align=\u00bbseparator_align_left\u00bb color=\u00bbcustom\u00bb border_width=\u00bb2&#8243; accent_color=\u00bb#002e5d\u00bb][vc_column_text]<em><strong>Convertidos De modo que si alguno est\u00e1 en Cristo<\/strong><\/em>, nueva criatura es; las cosas viejas pasaron; he aqu\u00ed todas son hechas nuevas. 2Cor.5:17 Mas vosotros sois linaje escogido, real sacerdocio, naci\u00f3n santa, pueblo adquirido por Dios, para que anunci\u00e9is las virtudes de aquel que os llam\u00f3 de las tinieblas a su luz admirable; 1 Ped.2:9<\/p>\n<p><em><strong>Comprometidos con Cristo y con el pr\u00f3jimo:<\/strong><\/em> Amar\u00e1s al Se\u00f1or tu Dios con todo tu coraz\u00f3n, y con toda tu alma, y con toda tu mente. 38Este es el primero y grande mandamiento. 39Y el segundo es semejante: Amar\u00e1s a tu pr\u00f3jimo como a ti mismo. Mat.22:37-39<\/p>\n<p><em><strong>Constantes<\/strong><\/em> T\u00fa, pues, hijo m\u00edo, esfu\u00e9rzate en la gracia que es en Cristo Jes\u00fas. 2Lo que has o\u00eddo de m\u00ed ante muchos testigos, esto encarga a hombres fieles que sean id\u00f3neos para ense\u00f1ar tambi\u00e9n a otros. 2 Tim.2:2[\/vc_column_text][\/vc_column][vc_column width=\u00bb1\/2&#8243;][vc_text_separator title=\u00bbVisi\u00f3n\u00bb title_align=\u00bbseparator_align_right\u00bb color=\u00bbcustom\u00bb border_width=\u00bb2&#8243; accent_color=\u00bb#002e5d\u00bb][vc_column_text]La iglesia es como una c\u00e9lula biol\u00f3gica, que nace, se reproduce y se multiplica por si misma, La iglesia como c\u00e9lula lleva el mismo DNA espiritual. Crecer, Capacitar Reproducir y Enviar.<\/p>\n<ul>\n<li>Tiene el prop\u00f3sito de crecer espiritualmente,<\/li>\n<li>Capacitar a los creyentes para madurar en la Fe<\/li>\n<li>Reproducirse, es multiplicarse a trav\u00e9s de nuevos creyentes en Cristo<\/li>\n<li>Enviando, obreros para cumplir la misi\u00f3n de Cristo, haciendo disc\u00edpulos y envi\u00e1ndolos a todas las naciones.<\/li>\n<\/ul>\n<p>[\/vc_column_text][\/vc_column][\/vc_row][vc_row full_width=\u00bbstretch_row\u00bb bg_type=\u00bbimage\u00bb parallax_style=\u00bbvcpb-default\u00bb bg_image_new=\u00bbid^97|url^https:\/\/pibseattle.com\/wp-content\/uploads\/2024\/11\/PIB01.jpg|caption^null|alt^null|title^PIB01|description^null\u00bb css=\u00bb.vc_custom_1731470535140{margin-bottom: -80px !important;}\u00bb][vc_column width=\u00bb2\/3&#8243;][vc_column_text]<\/p>\n<h3 style=\"text-align: center;\"><span style=\"color: #ffffff;\">Si\u00e9ntase en libertad y confianza de dirigirse a nosotros si tiene alguna pregunta, comentario o aun alguna petici\u00f3n de oraci\u00f3n.<\/span><\/h3>\n<p>[\/vc_column_text][\/vc_column][vc_column width=\u00bb1\/3&#8243;][vc_empty_space height=\u00bb20px\u00bb]<div class=\" vc_custom_1731470525835 ubtn-ctn-center \"><a class=\"ubtn-link ult-adjust-bottom-margin ubtn-center ubtn-block \" href=\"https:\/\/pibseattle.com\/index.php\/contacto\/\" title=\"Contacto\" ><button type=\"button\" id=\"ubtn-6418\"  class=\"ubtn ult-adjust-bottom-margin ult-responsive ubtn-block ubtn-fade-bg  ulta-grow  ubtn-center   tooltip-69e0d426e044d ubtn-block\"  data-hover=\"#002e5d\" data-border-color=\"#ffffff\" data-bg=\"#002e5d\" data-hover-bg=\"#ffffff\" data-border-hover=\"#002e5d\" data-shadow-hover=\"\" data-shadow-click=\"none\" data-shadow=\"\" data-shd-shadow=\"\"  data-ultimate-target='#ubtn-6418'  data-responsive-json-new='{\"font-size\":\"desktop:20px;\",\"line-height\":\"\"}'  style=\"font-weight:normal;border-radius:3px;border-width:1px;border-color:#ffffff;border-style:solid;background: #002e5d;color: #ffffff;\"><span class=\"ubtn-hover\" style=\"background-color:#ffffff\"><\/span><span class=\"ubtn-data ubtn-text \" >\u00a1Cont\u00e1ctanos!<\/span><\/button><\/a><\/div>[\/vc_column][\/vc_row]<\/p>\n<\/div>","protected":false},"excerpt":{"rendered":"<p>[vc_row][vc_column][vc_text_separator title=\u00bbMisi\u00f3n\u00bb color=\u00bbcustom\u00bb border_width=\u00bb2&#8243; accent_color=\u00bb#002e5d\u00bb][vc_column_text]Que todas las personas, y todas las familias de los pueblos, en todas las casas, oigan, confiesen o conozcan que Jesus es el Se\u00f1or. 1 Cron.16:28, Dt. 31:12, Fil.2:11[\/vc_column_text][\/vc_column][\/vc_row][vc_row][vc_column width=\u00bb1\/2&#8243;][vc_text_separator title=\u00bbValores\u00bb title_align=\u00bbseparator_align_left\u00bb color=\u00bbcustom\u00bb border_width=\u00bb2&#8243; accent_color=\u00bb#002e5d\u00bb][vc_column_text]Convertidos De modo que si alguno est\u00e1 en Cristo, nueva criatura es; las cosas viejas pasaron; he&hellip;<\/p>\n","protected":false},"author":1,"featured_media":0,"parent":0,"menu_order":0,"comment_status":"closed","ping_status":"closed","template":"","meta":{"footnotes":""},"class_list":["post-67","page","type-page","status-publish","hentry","description-off"],"_links":{"self":[{"href":"https:\/\/pibseattle.com\/index.php\/wp-json\/wp\/v2\/pages\/67","targetHints":{"allow":["GET"]}}],"collection":[{"href":"https:\/\/pibseattle.com\/index.php\/wp-json\/wp\/v2\/pages"}],"about":[{"href":"https:\/\/pibseattle.com\/index.php\/wp-json\/wp\/v2\/types\/page"}],"author":[{"embeddable":true,"href":"https:\/\/pibseattle.com\/index.php\/wp-json\/wp\/v2\/users\/1"}],"replies":[{"embeddable":true,"href":"https:\/\/pibseattle.com\/index.php\/wp-json\/wp\/v2\/comments?post=67"}],"version-history":[{"count":2,"href":"https:\/\/pibseattle.com\/index.php\/wp-json\/wp\/v2\/pages\/67\/revisions"}],"predecessor-version":[{"id":103,"href":"https:\/\/pibseattle.com\/index.php\/wp-json\/wp\/v2\/pages\/67\/revisions\/103"}],"wp:attachment":[{"href":"https:\/\/pibseattle.com\/index.php\/wp-json\/wp\/v2\/media?parent=67"}],"curies":[{"name":"wp","href":"https:\/\/api.w.org\/{rel}","templated":true}]}}