{"id":82,"date":"2017-07-12T15:01:00","date_gmt":"2017-07-12T15:01:00","guid":{"rendered":"http:\/\/pibseattle.org\/?page_id=5"},"modified":"2024-11-18T05:23:46","modified_gmt":"2024-11-18T05:23:46","slug":"home","status":"publish","type":"page","link":"https:\/\/pibseattle.com\/","title":{"rendered":"Home"},"content":{"rendered":"<div class=\"wpb-content-wrapper\"><p>[vc_row full_width=\u00bbstretch_row\u00bb bg_type=\u00bbbg_color\u00bb bg_color_value=\u00bb#002e5d\u00bb css=\u00bb.vc_custom_1499962827188{margin-top: -80px !important;}\u00bb][vc_column][vc_column_text]<\/p>\n<h2 style=\"text-align: center;\"><span style=\"color: #ffffff;\">Bienvenido a la Primera Iglesia Bautista en Seattle, Washington.<\/span><\/h2>\n<p>[\/vc_column_text][\/vc_column][\/vc_row][vc_row][vc_column width=\u00bb1\/3&#8243;][vc_single_image image=\u00bb90&#8243; img_size=\u00bbfull\u00bb alignment=\u00bbcenter\u00bb css=\u00bb\u00bb][\/vc_column][vc_column width=\u00bb2\/3&#8243;][vc_column_text]<\/p>\n<h3 style=\"text-align: right;\">Es un gusto poder contar con su visita a nuestra web.<\/h3>\n<p style=\"text-align: right;\">Gracias por disposici\u00f3n, por favor si\u00e9ntase en libertad y confianza de dirigirse a nosotros si tiene alguna pregunta, comentario o aun alguna petici\u00f3n de oraci\u00f3n en la que podamos ayudarle espiritualmente, o a\u00fan m\u00e1s, an\u00edmese a visitarnos y comp\u00e1rtanos su experiencia personalmente. Un Abrazo, Bendiciones para su vida.<\/p>\n<p style=\"text-align: right;\"><strong><em>Pastor David Cabriales.<\/em><\/strong><\/p>\n<p>[\/vc_column_text][\/vc_column][\/vc_row][vc_row][vc_column][vc_text_separator title=\u00bbNuestra Iglesia\u00bb title_align=\u00bbseparator_align_left\u00bb color=\u00bbcustom\u00bb border_width=\u00bb2&#8243; accent_color=\u00bb#002e5d\u00bb][\/vc_column][vc_column width=\u00bb2\/3&#8243;][vc_column_text]<\/p>\n<h2>Somos un grupo de creyentes en Jesus, una iglesia que ama a Dios y a su gente.<\/h2>\n<p>Nos reunimos en el \u00e1rea de Seattle Washington y sus alrededores. Nos congregamos regularmente para dar adoraci\u00f3n a Jesucristo, damos ense\u00f1anza y discipulado, Tenemos comuni\u00f3n unos con otros y sobre todo proclamamos el mensaje de salvaci\u00f3n.[\/vc_column_text]<div class=\" ubtn-ctn-left \"><a class=\"ubtn-link ult-adjust-bottom-margin ubtn-left ubtn-mini \" href=\"https:\/\/pibseattle.com\/index.php\/sobre-nosotros\/\" title=\"Sobre Nosotros\" ><button type=\"button\" id=\"ubtn-4411\"  class=\"ubtn ult-adjust-bottom-margin ult-responsive ubtn-mini ubtn-no-hover-bg  none  ubtn-left   tooltip-69e0bb0196365\"  data-hover=\"#002e5d\" data-border-color=\"#ffffff\" data-bg=\"#002e5d\" data-hover-bg=\"#ffffff\" data-border-hover=\"#002e5d\" data-shadow-hover=\"\" data-shadow-click=\"none\" data-shadow=\"\" data-shd-shadow=\"\"  data-ultimate-target='#ubtn-4411'  data-responsive-json-new='{\"font-size\":\"\",\"line-height\":\"\"}'  style=\"font-weight:normal;border-radius:3px;border-width:1px;border-color:#ffffff;border-style:solid;background: #002e5d;color: #ffffff;\"><span class=\"ubtn-hover\" style=\"background-color:#ffffff\"><\/span><span class=\"ubtn-data ubtn-text \" >Leer M\u00e1s...<\/span><\/button><\/a><\/div>[\/vc_column][vc_column width=\u00bb1\/3&#8243;][vc_single_image image=\u00bb91&#8243; img_size=\u00bbfull\u00bb alignment=\u00bbcenter\u00bb css=\u00bb\u00bb][\/vc_column][\/vc_row][vc_row full_width=\u00bbstretch_row\u00bb bg_type=\u00bbimage\u00bb parallax_style=\u00bbvcpb-default\u00bb bg_image_new=\u00bbid^97|url^https:\/\/pibseattle.com\/wp-content\/uploads\/2024\/11\/PIB01.jpg|caption^null|alt^null|title^PIB01|description^null\u00bb][vc_column width=\u00bb1\/3&#8243;]<div class=\"aio-icon-component    style_1\"><div id=\"Info-box-wrap-8900\" class=\"aio-icon-box default-icon\" style=\"\"  ><div class=\"aio-icon-default\"><div class=\"ult-just-icon-wrapper  \"><div class=\"align-icon\" style=\"text-align:center;\">\n<div class=\"aio-icon none \"  style=\"color:#ffffff;font-size:32px;display:inline-block;\">\n\t<i class=\"icomoon-the7-font-the7-home-022\"><\/i>\n<\/div><\/div><\/div><\/div><div class=\"aio-icon-header\" ><h3 class=\"aio-icon-title ult-responsive\"  data-ultimate-target='#Info-box-wrap-8900 .aio-icon-title'  data-responsive-json-new='{\"font-size\":\"\",\"line-height\":\"\"}'  style=\"color:#ffffff;\">Nuestra Comunidad<\/h3><\/div> <!-- header --><\/div> <!-- aio-icon-box --><\/div> <!-- aio-icon-component -->[vc_column_text]<span style=\"color: #ffffff;\">Nuestra iglesia tiene las puertas abiertas para todos los que deseen madurar su f\u00e9 en Jesus.<\/span>[\/vc_column_text][\/vc_column][vc_column width=\u00bb1\/3&#8243;]<div class=\"aio-icon-component    style_1\"><div id=\"Info-box-wrap-6143\" class=\"aio-icon-box default-icon\" style=\"\"  ><div class=\"aio-icon-default\"><div class=\"ult-just-icon-wrapper  \"><div class=\"align-icon\" style=\"text-align:center;\">\n<div class=\"aio-icon none \"  style=\"color:#ffffff;font-size:32px;display:inline-block;\">\n\t<i class=\"icomoon-the7-font-the7-heart-filled\"><\/i>\n<\/div><\/div><\/div><\/div><div class=\"aio-icon-header\" ><h3 class=\"aio-icon-title ult-responsive\"  data-ultimate-target='#Info-box-wrap-6143 .aio-icon-title'  data-responsive-json-new='{\"font-size\":\"\",\"line-height\":\"\"}'  style=\"color:#ffffff;\">Nuestra Misi\u00f3n<\/h3><\/div> <!-- header --><\/div> <!-- aio-icon-box --><\/div> <!-- aio-icon-component -->[vc_column_text]<span style=\"color: #ffffff;\">Que todas las personas, y todas las familias de los pueblos, en todas las casas, oigan, confiesen o conozcan que Jesus es el Se\u00f1or.<\/span>[\/vc_column_text][\/vc_column][vc_column width=\u00bb1\/3&#8243;]<div class=\"aio-icon-component    style_1\"><div id=\"Info-box-wrap-5581\" class=\"aio-icon-box default-icon\" style=\"\"  ><div class=\"aio-icon-default\"><div class=\"ult-just-icon-wrapper  \"><div class=\"align-icon\" style=\"text-align:center;\">\n<div class=\"aio-icon none \"  style=\"color:#ffffff;font-size:32px;display:inline-block;\">\n\t<i class=\"icomoon-the7-font-the7-login-04\"><\/i>\n<\/div><\/div><\/div><\/div><div class=\"aio-icon-header\" ><h3 class=\"aio-icon-title ult-responsive\"  data-ultimate-target='#Info-box-wrap-5581 .aio-icon-title'  data-responsive-json-new='{\"font-size\":\"\",\"line-height\":\"\"}'  style=\"color:#ffffff;\">Unete a Nosotros<\/h3><\/div> <!-- header --><\/div> <!-- aio-icon-box --><\/div> <!-- aio-icon-component -->[vc_column_text]<span style=\"color: #ffffff;\">Si tu deseas ser parte de nosotros, nuestra comunidad te espera con los brazos abiertos.<\/span>[\/vc_column_text][\/vc_column][vc_column][vc_empty_space height=\u00bb10px\u00bb][\/vc_column][\/vc_row][vc_row][vc_column width=\u00bb1\/3&#8243;][vc_single_image image=\u00bb93&#8243; img_size=\u00bbfull\u00bb alignment=\u00bbcenter\u00bb css=\u00bb\u00bb][\/vc_column][vc_column width=\u00bb2\/3&#8243;][vc_text_separator title=\u00bbEn que creemos\u00bb title_align=\u00bbseparator_align_right\u00bb color=\u00bbcustom\u00bb border_width=\u00bb2&#8243; accent_color=\u00bb#002e5d\u00bb][vc_column_text]<\/p>\n<h3>La Santa Biblia fue escrita por hombres divinamente inspirados y es la revelaci\u00f3n que Dios hace de s\u00ed mismo al hombre. Es un tesoro perfecto de instrucci\u00f3n divina.<\/h3>\n<p>Tiene a Dios como su autor, su prop\u00f3sito es la salvaci\u00f3n, y su tema es la verdad, sin mezcla alguna de error. Por tanto, toda la Escritura es totalmente verdadera y confiable. Ella revela los principios por los cuales Dios nos juzga, y por tanto es y permanecer\u00e1 siendo hasta el fin del mundo, el centro verdadero de la uni\u00f3n Cristiana, y la norma suprema por la cual toda conducta, credos, y opiniones religiosas humanas deben ser juzgadas. Toda la Escritura es un testimonio de Jes\u00fas, quien es \u00c9l mismo el centro de la revelaci\u00f3n divina.[\/vc_column_text]<div class=\" ubtn-ctn-left \"><a class=\"ubtn-link ult-adjust-bottom-margin ubtn-left ubtn-mini \" href=\"https:\/\/pibseattle.com\/index.php\/en-que-creemos\/\" title=\"En que Creemos\" ><button type=\"button\" id=\"ubtn-6144\"  class=\"ubtn ult-adjust-bottom-margin ult-responsive ubtn-mini ubtn-no-hover-bg  none  ubtn-left   tooltip-69e0bb0196495\"  data-hover=\"#002e5d\" data-border-color=\"#ffffff\" data-bg=\"#002e5d\" data-hover-bg=\"#ffffff\" data-border-hover=\"#002e5d\" data-shadow-hover=\"\" data-shadow-click=\"none\" data-shadow=\"\" data-shd-shadow=\"\"  data-ultimate-target='#ubtn-6144'  data-responsive-json-new='{\"font-size\":\"\",\"line-height\":\"\"}'  style=\"font-weight:normal;border-radius:3px;border-width:1px;border-color:#ffffff;border-style:solid;background: #002e5d;color: #ffffff;\"><span class=\"ubtn-hover\" style=\"background-color:#ffffff\"><\/span><span class=\"ubtn-data ubtn-text \" >Leer M\u00e1s...<\/span><\/button><\/a><\/div>[\/vc_column][\/vc_row][vc_row full_width=\u00bbstretch_row\u00bb bg_type=\u00bbimage\u00bb parallax_style=\u00bbvcpb-default\u00bb bg_image_new=\u00bbid^117|url^https:\/\/pibseattle.com\/wp-content\/uploads\/2024\/11\/PIB03.jpg|caption^null|alt^null|title^PIB03|description^null\u00bb][vc_column]<div id=\"ultimate-heading-736769e0bb01964bd\" class=\"uvc-heading ult-adjust-bottom-margin ultimate-heading-736769e0bb01964bd uvc-1242  uvc-heading-default-font-sizes\" data-hspacer=\"no_spacer\"  data-halign=\"left\" style=\"text-align:left\"><div class=\"uvc-heading-spacer no_spacer\" style=\"top\"><\/div><div class=\"uvc-main-heading ult-responsive\"  data-ultimate-target='.uvc-heading.ultimate-heading-736769e0bb01964bd h3'  data-responsive-json-new='{\"font-size\":\"\",\"line-height\":\"\"}' ><h3 style=\"--font-weight:theme;color:#ffffff;\">Nuestros Horarios<\/h3><\/div><\/div>[\/vc_column][vc_column width=\u00bb1\/3&#8243;]<div class=\"smile_icon_list_wrap ult_info_list_container ult-adjust-bottom-margin  \"><ul class=\"smile_icon_list left square with_bg\"><li class=\"icon_list_item\" style=\" font-size:72px;\"><div class=\"icon_list_icon\" data-animation=\"\" data-animation-delay=\"03\" style=\"font-size:24px;border-width:1px;border-style:none;background:#ffffff;color:#333333;border-color:#333333;\"><i class=\"icomoon-the7-font-the7-clock-00\" ><\/i><\/div><div class=\"icon_description\" id=\"Info-list-wrap-8200\" style=\"font-size:24px;\"><h3 class=\"ult-responsive info-list-heading\"  data-ultimate-target='#Info-list-wrap-8200 h3'  data-responsive-json-new='{\"font-size\":\"desktop:16px;\",\"line-height\":\"desktop:24px;\"}'  style=\"color:#ffffff;\">Domingo 9:45 AM<\/h3><div class=\"icon_description_text ult-responsive\"  data-ultimate-target='#Info-list-wrap-8200 .icon_description_text'  data-responsive-json-new='{\"font-size\":\"desktop:13px;\",\"line-height\":\"desktop:18px;\"}'  style=\"\"><h4><span style=\"color: #ffffff;\">Escuela Dominical<\/span><\/h4>\n<\/div><\/div><div class=\"icon_list_connector\"  style=\"border-right-width: 1px;border-right-style: dashed;border-color: #333333;\"><\/div><\/li><\/ul><\/div>[\/vc_column][vc_column width=\u00bb1\/3&#8243;]<div class=\"smile_icon_list_wrap ult_info_list_container ult-adjust-bottom-margin  \"><ul class=\"smile_icon_list left square with_bg\"><li class=\"icon_list_item\" style=\" font-size:72px;\"><div class=\"icon_list_icon\" data-animation=\"\" data-animation-delay=\"03\" style=\"font-size:24px;border-width:1px;border-style:none;background:#ffffff;color:#333333;border-color:#333333;\"><i class=\"icomoon-the7-font-the7-clock-00\" ><\/i><\/div><div class=\"icon_description\" id=\"Info-list-wrap-5201\" style=\"font-size:24px;\"><h3 class=\"ult-responsive info-list-heading\"  data-ultimate-target='#Info-list-wrap-5201 h3'  data-responsive-json-new='{\"font-size\":\"desktop:16px;\",\"line-height\":\"desktop:24px;\"}'  style=\"color:#ffffff;\">Domingo 11:15 AM<\/h3><div class=\"icon_description_text ult-responsive\"  data-ultimate-target='#Info-list-wrap-5201 .icon_description_text'  data-responsive-json-new='{\"font-size\":\"desktop:13px;\",\"line-height\":\"desktop:18px;\"}'  style=\"\"><h4><span style=\"color: #ffffff;\">Servicio de Adoraci\u00f3n y Predicaci\u00f3n<\/span><\/h4>\n<\/div><\/div><div class=\"icon_list_connector\"  style=\"border-right-width: 1px;border-right-style: dashed;border-color: #333333;\"><\/div><\/li><\/ul><\/div>[\/vc_column][vc_column width=\u00bb1\/3&#8243;]<div class=\"smile_icon_list_wrap ult_info_list_container ult-adjust-bottom-margin  \"><ul class=\"smile_icon_list left square with_bg\"><li class=\"icon_list_item\" style=\" font-size:72px;\"><div class=\"icon_list_icon\" data-animation=\"\" data-animation-delay=\"03\" style=\"font-size:24px;border-width:1px;border-style:none;background:#ffffff;color:#333333;border-color:#333333;\"><i class=\"icomoon-the7-font-the7-clock-00\" ><\/i><\/div><div class=\"icon_description\" id=\"Info-list-wrap-7605\" style=\"font-size:24px;\"><h3 class=\"ult-responsive info-list-heading\"  data-ultimate-target='#Info-list-wrap-7605 h3'  data-responsive-json-new='{\"font-size\":\"desktop:16px;\",\"line-height\":\"desktop:24px;\"}'  style=\"color:#ffffff;\">Miercoles 7:00PM<\/h3><div class=\"icon_description_text ult-responsive\"  data-ultimate-target='#Info-list-wrap-7605 .icon_description_text'  data-responsive-json-new='{\"font-size\":\"desktop:13px;\",\"line-height\":\"desktop:18px;\"}'  style=\"\"><h4><span style=\"color: #ffffff;\">Servicio de Oraci\u00f3n<\/span><\/h4>\n<\/div><\/div><div class=\"icon_list_connector\"  style=\"border-right-width: 1px;border-right-style: dashed;border-color: #333333;\"><\/div><\/li><\/ul><\/div>[\/vc_column][\/vc_row][vc_row full_width=\u00bbstretch_row\u00bb bg_type=\u00bbbg_color\u00bb bg_color_value=\u00bb#002e5d\u00bb][vc_column][vc_column_text]<\/p>\n<h2 style=\"text-align: center;\"><span style=\"color: #ffffff;\">Visita nuestra iglesia<\/span><\/h2>\n<p>[\/vc_column_text][\/vc_column][vc_column width=\u00bb1\/2&#8243;]<div class=\"aio-icon-component    style_1\"><div id=\"Info-box-wrap-4813\" class=\"aio-icon-box default-icon\" style=\"\"  ><div class=\"aio-icon-default\"><div class=\"ult-just-icon-wrapper  \"><div class=\"align-icon\" style=\"text-align:center;\">\n<div class=\"aio-icon none \"  style=\"color:#ffffff;font-size:32px;display:inline-block;\">\n\t<i class=\"icomoon-the7-font-the7-map-02\"><\/i>\n<\/div><\/div><\/div><\/div><div class=\"aio-icon-header\" ><h3 class=\"aio-icon-title ult-responsive\"  data-ultimate-target='#Info-box-wrap-4813 .aio-icon-title'  data-responsive-json-new='{\"font-size\":\"\",\"line-height\":\"\"}'  style=\"color:#ffffff;\">1401 Central Ave S Kent, WA<\/h3><\/div> <!-- header --><\/div> <!-- aio-icon-box --><\/div> <!-- aio-icon-component -->[\/vc_column][vc_column width=\u00bb1\/2&#8243;]<div class=\"aio-icon-component    style_1\"><div id=\"Info-box-wrap-3787\" class=\"aio-icon-box default-icon\" style=\"\"  ><div class=\"aio-icon-default\"><div class=\"ult-just-icon-wrapper  \"><div class=\"align-icon\" style=\"text-align:center;\">\n<div class=\"aio-icon none \"  style=\"color:#ffffff;font-size:32px;display:inline-block;\">\n\t<i class=\"icomoon-the7-font-the7-phone-05\"><\/i>\n<\/div><\/div><\/div><\/div><div class=\"aio-icon-header\" ><h3 class=\"aio-icon-title ult-responsive\"  data-ultimate-target='#Info-box-wrap-3787 .aio-icon-title'  data-responsive-json-new='{\"font-size\":\"\",\"line-height\":\"\"}'  style=\"color:#ffffff;\">(206) 724 7196<\/h3><\/div> <!-- header --><\/div> <!-- aio-icon-box --><\/div> <!-- aio-icon-component -->[\/vc_column][\/vc_row][vc_row full_width=\u00bbstretch_row\u00bb bg_type=\u00bbbg_color\u00bb css=\u00bb.vc_custom_1499964613541{margin-bottom: -80px !important;}\u00bb bg_color_value=\u00bb#002e5d\u00bb][vc_column][vc_gmaps link=\u00bb#E-8_JTNDaWZyYW1lJTIwc3JjJTNEJTIyaHR0cHMlM0ElMkYlMkZ3d3cuZ29vZ2xlLmNvbSUyRm1hcHMlMkZlbWJlZCUzRnBiJTNEJTIxMW0xOCUyMTFtMTIlMjExbTMlMjExZDQ4MTQuODQ5NjUxMzIzNTc1JTIxMmQtMTIyLjIzNjU4NzE2MzQ4ODclMjEzZDQ3LjM2ODE3NTg5ODAzMDA3JTIxMm0zJTIxMWYwJTIxMmYwJTIxM2YwJTIxM20yJTIxMWkxMDI0JTIxMmk3NjglMjE0ZjEzLjElMjEzbTMlMjExbTIlMjExczB4NTQ5MDU5NDY3ODlhMmU5ZCUyNTNBMHgyYTkwZWUwNDM0YTEwOTM0JTIxMnMxNDAxJTJCQ2VudHJhbCUyQkF2ZSUyQlMlMjUyQyUyQktlbnQlMjUyQyUyQldBJTJCOTgwMzIlMjUyQyUyQkVFLiUyQlVVLiUyMTVlMCUyMTNtMiUyMTFzZXMtNDE5JTIxMnNteCUyMTR2MTQ5OTg4MzkwNjgxNSUyMiUyMHdpZHRoJTNEJTIyNjAwJTIyJTIwaGVpZ2h0JTNEJTIyNDUwJTIyJTIwZnJhbWVib3JkZXIlM0QlMjIwJTIyJTIwc3R5bGUlM0QlMjJib3JkZXIlM0EwJTIyJTIwYWxsb3dmdWxsc2NyZWVuJTNFJTNDJTJGaWZyYW1lJTNF\u00bb size=\u00bb300&#8243;][\/vc_column][\/vc_row]<\/p>\n<\/div>","protected":false},"excerpt":{"rendered":"<p>[vc_row full_width=\u00bbstretch_row\u00bb bg_type=\u00bbbg_color\u00bb bg_color_value=\u00bb#002e5d\u00bb css=\u00bb.vc_custom_1499962827188{margin-top: -80px !important;}\u00bb][vc_column][vc_column_text] Bienvenido a la Primera Iglesia Bautista en Seattle, Washington. [\/vc_column_text][\/vc_column][\/vc_row][vc_row][vc_column width=\u00bb1\/3&#8243;][vc_single_image image=\u00bb90&#8243; img_size=\u00bbfull\u00bb alignment=\u00bbcenter\u00bb css=\u00bb\u00bb][\/vc_column][vc_column width=\u00bb2\/3&#8243;][vc_column_text] Es un gusto poder contar con su visita a nuestra web. Gracias por disposici\u00f3n, por favor si\u00e9ntase en libertad y confianza de dirigirse a nosotros si tiene alguna pregunta, comentario o aun&hellip;<\/p>\n","protected":false},"author":1,"featured_media":0,"parent":0,"menu_order":0,"comment_status":"closed","ping_status":"closed","template":"","meta":{"footnotes":""},"class_list":["post-82","page","type-page","status-publish","hentry","description-off"],"_links":{"self":[{"href":"https:\/\/pibseattle.com\/index.php\/wp-json\/wp\/v2\/pages\/82","targetHints":{"allow":["GET"]}}],"collection":[{"href":"https:\/\/pibseattle.com\/index.php\/wp-json\/wp\/v2\/pages"}],"about":[{"href":"https:\/\/pibseattle.com\/index.php\/wp-json\/wp\/v2\/types\/page"}],"author":[{"embeddable":true,"href":"https:\/\/pibseattle.com\/index.php\/wp-json\/wp\/v2\/users\/1"}],"replies":[{"embeddable":true,"href":"https:\/\/pibseattle.com\/index.php\/wp-json\/wp\/v2\/comments?post=82"}],"version-history":[{"count":10,"href":"https:\/\/pibseattle.com\/index.php\/wp-json\/wp\/v2\/pages\/82\/revisions"}],"predecessor-version":[{"id":127,"href":"https:\/\/pibseattle.com\/index.php\/wp-json\/wp\/v2\/pages\/82\/revisions\/127"}],"wp:attachment":[{"href":"https:\/\/pibseattle.com\/index.php\/wp-json\/wp\/v2\/media?parent=82"}],"curies":[{"name":"wp","href":"https:\/\/api.w.org\/{rel}","templated":true}]}}